{"id":270,"date":"2020-04-30T10:20:52","date_gmt":"2020-04-30T10:20:52","guid":{"rendered":"http:\/\/psicoterapialisboa.com\/psicoterapialisboa\/?page_id=270"},"modified":"2020-04-30T10:20:54","modified_gmt":"2020-04-30T10:20:54","slug":"politica-de-cookies","status":"publish","type":"page","link":"https:\/\/psicoterapialisboa.com\/psicoterapialisboa\/politica-de-cookies\/","title":{"rendered":"Pol\u00edtica de cookies"},"content":{"rendered":"<!--themify_builder_content-->\n<div id=\"themify_builder_content-270\" data-postid=\"270\" class=\"themify_builder_content themify_builder_content-270 themify_builder tf_clear\">\n    \t\t\t\t<div  data-lazy=\"1\" class=\"module_row themify_builder_row tb_tcdy635 tb_first tf_w\">\n\t\t\t\t\t\t<div class=\"row_inner col_align_top tb_col_count_1 tf_box tf_rel\">\n\t\t\t\t\t\t<div  data-lazy=\"1\" class=\"module_column tb-column col-full tb_0kk7636 first\">\n\t\t\t\t\t<!-- module text -->\n<div  class=\"module module-text tb_iipk827   \" data-lazy=\"1\">\n\t    <div  class=\"tb_text_wrap\">\n\t\t<p>El sitio web www.PsicoterapiaLisboa.com, utiliza cookies de terceros para analizar comportamientos de navegaci\u00f3n y facilitar y mejorar la experiencia del usuario. En cumplimiento de la legislaci\u00f3n vigente, LA TITULAR informa sobre el uso de cookies en los p\u00e1rrafos que siguen y que recomendamos leer.<\/p><p>\u00a0<\/p><h3><u>\u00bfQU\u00c9 SON LAS COOKIES?<\/u><\/h3><p>Son ficheros de texto de peque\u00f1o tama\u00f1o, que permiten almacenar y recuperar informaci\u00f3n para lo cual se descargan en el terminal del usuario cuando \u00e9ste navega por la web. No contienen informaci\u00f3n de car\u00e1cter personal.<\/p><p>Las cookies pueden ser:<\/p><ul><li style=\"list-style-type: none;\"><ul><li><b>T\u00e9cnicas:<\/b>\u00a0para facilitar la navegaci\u00f3n a trav\u00e9s de la p\u00e1gina web, mediante funciones como identificar la sesi\u00f3n o recordar contrase\u00f1as.<\/li><\/ul><\/li><\/ul><p>\u00a0<\/p><ul><li style=\"list-style-type: none;\"><ul><li><b>De personalizaci\u00f3n:<\/b>\u00a0permiten al USUARIO mantener algunas caracter\u00edsticas al navegar en la web, como el idioma, el tipo de navegador, etc.<\/li><\/ul><\/li><\/ul><p>\u00a0<\/p><ul><li style=\"list-style-type: none;\"><ul><li><b>De an\u00e1lisis:<\/b>\u00a0permiten cuantificar el n\u00famero de usuarios y realizar la medici\u00f3n y an\u00e1lisis estad\u00edstico del uso de la p\u00e1gina, para mejorar la navegaci\u00f3n y los servicios ofrecidos.<\/li><\/ul><\/li><\/ul><p>\u00a0<\/p><ul><li style=\"list-style-type: none;\"><ul><li><b>Publicitarias:<\/b>\u00a0permiten gestionar la oferta de los espacios publicitarios contenidos en el SITIO WEB, mostr\u00e1ndole al usuario publicidad relacionada con el contenido de la p\u00e1gina y su perfil de navegaci\u00f3n.<\/li><\/ul><\/li><\/ul><p>\u00a0<\/p><ul><li><b>De publicidad comportamental:<\/b>\u00a0permiten gestionar la oferta de los espacios publicitarios contenidos en el SITIO WEB, mostr\u00e1ndole al usuario publicidad relacionada con sus h\u00e1bitos de navegaci\u00f3n.<\/li><\/ul><p>Tambi\u00e9n se clasifican como cookies de sesi\u00f3n (si desaparecen al finalizar la navegaci\u00f3n del usuario) o persistentes (si permanecen en el terminal durante m\u00e1s tiempo).<\/p><p>Las cookies pueden ser propias (gestionadas por el propio SITIO WEB) o de terceros (si son descargadas en el terminal del usuario desde un servidor ajeno). Cookies que empleamos en el SITIO WEB.<\/p><p>El SITIO WEB no emplea cookies propias. \u00danicamente empleamos ciertas cookies de terceros, concretamente de Google, con el fin de analizar el comportamiento del usuario y proporcionarle mejores servicios.<\/p><p>\u00a0<\/p><table><tbody><tr><td>Cookie<\/td><td>Finalidad<\/td><td>Temporalidad<\/td><td>Origen<\/td><\/tr><tr><td>_utma<\/td><td>Google Analytics Se usa para distinguir usuarios y sesiones. Permite conocer cu\u00e1ntas veces un usuario accede al SITIO WEB y la primera y la \u00faltima vez que lo hizo<\/td><td>Persistente Dos a\u00f1os a partir de la \u00faltima configuraci\u00f3n o actualizaci\u00f3n<\/td><td>Esta cookie, pese a ser ubicada desde el SITIO WEB, es considerada de terceros, porque es descargada desde los servidores de Google Inc. (1600 Amphitheatre Parkway, Mountain View, CA 94043, Estados Unidos)<\/td><\/tr><tr><td>_utmb<\/td><td>Google Analytics Se usa para determinar nuevas sesiones o visitas. Act\u00faa junto con _utmc y calcula el inicio de sesi\u00f3n<\/td><td>Persistente 30 minutos a partir de la configuraci\u00f3n o actualizaci\u00f3n<\/td><td>Esta cookie, pese a ser ubicada desde el SITIO WEB, es considerada de terceros, porque es descargada desde los servidores de Google Inc. (1600 Amphitheatre Parkway, Mountain View, CA 94043, Estados Unidos)<\/td><\/tr><tr><td>_utmc<\/td><td>Google Analytics Se usa para determinar nuevas sesiones o visitas. Act\u00faa junto con _utmb y determina si el usuario est\u00e1 en una nueva sesi\u00f3n o visita<\/td><td>De sesi\u00f3n Desaparece al finalizar la navegaci\u00f3n<\/td><td>Esta cookie, pese a ser ubicada desde el SITIO WEB, es considerada de terceros, porque es descargada desde los servidores de Google Inc. (1600 Amphitheatre Parkway, Mountain View, CA 94043, Estados Unidos)<\/td><\/tr><tr><td>_utmz<\/td><td>Google Analytics Almacena la fuente de tr\u00e1fico o la campa\u00f1a que explica c\u00f3mo y desde d\u00f3nde ha llegado el usuario al sitio<\/td><td>Persistente Seis meses a partir de la configuraci\u00f3n o actualizaci\u00f3n<\/td><td>Esta cookie, pese a ser ubicada desde el SITIO WEB, es considerada de terceros, porque es descargada desde los servidores de Google Inc. (1600 Amphitheatre Parkway, Mountain View, CA 94043, Estados Unidos)<\/td><\/tr><tr><td>PREF<\/td><td>Google Maps Implanta determinadas utilidades de Google y puede almacenar ciertas preferencias, como el idioma<\/td><td>Persistente Dos a\u00f1os a partir de la configuraci\u00f3n o actualizaci\u00f3n<\/td><td>google.com Google Inc. (1600 Amphitheatre Parkway, Mountain View, CA 94043, EstadosUnidos)<\/td><\/tr><tr><td>PREF<\/td><td>Google Maps Implanta determinadas utilidades de Google y puede almacenar ciertas preferencias, como el idioma<\/td><td>Persistente Dos a\u00f1os a partir de la configuraci\u00f3n o actualizaci\u00f3n<\/td><td>google.es Google Inc. (1600 Amphitheatre Parkway, Mountain View, CA 94043, EstadosUnidos)<\/td><\/tr><tr><td>NID<\/td><td>Google Maps Implanta determinadas utilidades de Google, como personalizar los anuncios que se muestran en la b\u00fasqueda de Google<\/td><td>Persistente Seis meses a partir de la configuraci\u00f3n o actualizaci\u00f3n<\/td><td>google.es Google Inc. (1600 Amphitheatre Parkway, Mountain View, CA 94043, EstadosUnidos)<\/td><\/tr><\/tbody><\/table><h3>\u00a0<\/h3><h3><u>CONSENTIMIENTO, GESTI\u00d3N Y DESACTIVACI\u00d3N<\/u><\/h3><p>El usuario acepta las cookies si contin\u00faa navegando por nuestro SITIO WEB, seg\u00fan se informa al iniciar la navegaci\u00f3n. Si no le aparece dicho aviso, quiere decir que ya ha activado las cookies previamente.<\/p><p>Si tras haber consentido, el usuario prefiere eliminarlas cookies, puedeseg\u00fan se indica para cada navegador:<\/p><p>Google Chrome:\u00a0<a href=\"https:\/\/support.google.com\/chrome\/answer\/95647?hl=es\">https:\/\/support.google.com\/chrome\/answer\/95647?hl=es<\/a><br \/>Internet Explorer:\u00a0<a href=\"http:\/\/windows.microsoft.com\/es-es\/internet-explorer\/delete-manage-cookies#ie=ie-11\">http:\/\/windows.microsoft.com\/es-es\/internet-explorer\/delete-manage-cookies#ie=ie-11<\/a><br \/>Mozilla Firefox:\u00a0<a href=\"https:\/\/support.mozilla.org\/es\/kb\/habilitar-y-deshabilitar-cookies-que-los-sitios-web\">https:\/\/support.mozilla.org\/es\/kb\/habilitar-y-deshabilitar-cookies-que-los-sitios-web<\/a><br \/>Safari:\u00a0<a href=\"http:\/\/support.apple.com\/kb\/ph5042\">http:\/\/support.apple.com\/kb\/ph5042<\/a><\/p>    <\/div>\n<\/div>\n<!-- \/module text -->\t\t<\/div>\n\t\t\t\t\t\t<\/div>\n\t\t<\/div>\n\t\t<\/div>\n<!--\/themify_builder_content-->\n","protected":false},"excerpt":{"rendered":"<p>El sitio web www.PsicoterapiaLisboa.com, utiliza cookies de terceros para analizar comportamientos de navegaci\u00f3n y facilitar y mejorar la experiencia del usuario. En cumplimiento de la legislaci\u00f3n vigente, LA TITULAR informa sobre el uso de cookies en los p\u00e1rrafos que siguen y que recomendamos leer.\u00a0\u00bfQU\u00c9 SON LAS COOKIES?Son ficheros de texto de peque\u00f1o tama\u00f1o, que permiten [&hellip;]<\/p>\n","protected":false},"author":1,"featured_media":0,"parent":0,"menu_order":0,"comment_status":"closed","ping_status":"closed","template":"","meta":{"footnotes":""},"_links":{"self":[{"href":"https:\/\/psicoterapialisboa.com\/psicoterapialisboa\/wp-json\/wp\/v2\/pages\/270"}],"collection":[{"href":"https:\/\/psicoterapialisboa.com\/psicoterapialisboa\/wp-json\/wp\/v2\/pages"}],"about":[{"href":"https:\/\/psicoterapialisboa.com\/psicoterapialisboa\/wp-json\/wp\/v2\/types\/page"}],"author":[{"embeddable":true,"href":"https:\/\/psicoterapialisboa.com\/psicoterapialisboa\/wp-json\/wp\/v2\/users\/1"}],"replies":[{"embeddable":true,"href":"https:\/\/psicoterapialisboa.com\/psicoterapialisboa\/wp-json\/wp\/v2\/comments?post=270"}],"version-history":[{"count":0,"href":"https:\/\/psicoterapialisboa.com\/psicoterapialisboa\/wp-json\/wp\/v2\/pages\/270\/revisions"}],"wp:attachment":[{"href":"https:\/\/psicoterapialisboa.com\/psicoterapialisboa\/wp-json\/wp\/v2\/media?parent=270"}],"curies":[{"name":"wp","href":"https:\/\/api.w.org\/{rel}","templated":true}]}}