{"id":264,"date":"2020-04-30T10:18:57","date_gmt":"2020-04-30T10:18:57","guid":{"rendered":"http:\/\/psicoterapialisboa.com\/psicoterapialisboa\/?page_id=264"},"modified":"2020-04-30T10:18:59","modified_gmt":"2020-04-30T10:18:59","slug":"politica-de-privacidad","status":"publish","type":"page","link":"https:\/\/psicoterapialisboa.com\/psicoterapialisboa\/politica-de-privacidad\/","title":{"rendered":"Pol\u00edtica de privacidad"},"content":{"rendered":"<!--themify_builder_content-->\n<div id=\"themify_builder_content-264\" data-postid=\"264\" class=\"themify_builder_content themify_builder_content-264 themify_builder tf_clear\">\n    \t\t\t\t<div  data-lazy=\"1\" class=\"module_row themify_builder_row tb_9ow6384 tb_first tf_w\">\n\t\t\t\t\t\t<div class=\"row_inner col_align_top tb_col_count_1 tf_box tf_rel\">\n\t\t\t\t\t\t<div  data-lazy=\"1\" class=\"module_column tb-column col-full tb_yq8d386 first\">\n\t\t\t\t\t<!-- module text -->\n<div  class=\"module module-text tb_wfw5859   \" data-lazy=\"1\">\n\t    <div  class=\"tb_text_wrap\">\n\t\t<p>La Dra. Susana Pe\u00f1uelas, con domicilio social en Lisboa (en adelante LA TITULAR), como titular de la p\u00e1gina www.PsicoterapiaLisboa.com (en adelante, el SITIO WEB) y en su condici\u00f3n de responsable, garantiza la privacidad y confidencialidad de todos los datos de car\u00e1cter personal que puedan ser aportados libre y voluntariamente por los usuarios del SITIO WEB y a estos efectos redacta la presente POL\u00cdTICA DE PRIVACIDAD, manifestando su firme voluntad y compromiso de actuar conforme a la legislaci\u00f3n vigente. LA TITULAR se reserva el derecho de modificar y\/o adaptar la presente POL\u00cdTICA DE PRIVACIDAD en cualquier momento.<\/p><p>A los efectos de la presente POL\u00cdTICA DE PRIVACIDAD, LA TITULAR declara cumplir con las exigencias previstas por la normativa aplicable, relativas al tratamiento automatizado de los datos libre y voluntariamente aportados por los usuarios del SITIO WEB, que pasan a formar parte de los ficheros propiedad de LA TITULAR, debidamente inscritos en la Comiss\u00e3o Nacional de Protec\u00e7ao de Dados (Portugal).<\/p><p>Asimismo, LA TITULAR garantiza que dispone de las medidas t\u00e9cnicas y de seguridad necesarias y suficientes a los efectos de asegurar la correspondiente confidencialidad, integridad y seguridad de los datos recibidos y almacenados, para evitar su p\u00e9rdida y acceso por parte de terceros no autorizados.<\/p><p>La aportaci\u00f3n de datos personales por parte de los usuarios ser\u00e1 siempre Voluntaria, teniendo en cuenta que dicha la aportaci\u00f3n de datos podr\u00e1 requerir una cumplimentaci\u00f3n de los datos que se solicitan, de forma completa, a los efectos de que LA TITULAR pueda contestar debida y adecuadamente a las consultas que se realicen a trav\u00e9s de su formulario. Por tanto, se entiende que la solicitud de datos de car\u00e1cter personal por parte de LA TITULAR tendr\u00e1 por finalidad la adecuada contestaci\u00f3n a preguntas de los usuarios.<\/p><p>LA TITULAR garantiza en la presente POL\u00cdTICA DE PRIVACIDAD que los datos de car\u00e1cter personal, recogidos y debidamente almacenados en sus ficheros, no ser\u00e1n cedidos a terceros en ning\u00fan caso sin consentimiento previo, expreso e inequ\u00edvoco, de los titulares de los mismos.<\/p><p>Asimismo, los usuarios del SITIO WEB se comprometen, de acuerdo a los T\u00c9RMINOS Y CONDICIONES DE USO y la presente POL\u00cdTICA DE PRIVACIDAD, a asegurar la correspondiente veracidad de los datos aportados, en la medida en que tal veracidad es necesaria para una apropiada contestaci\u00f3n por parte de LA TITULAR.<\/p><p>LA TITULAR garantiza en todo caso al usuario, conforme a la legislaci\u00f3n vigente, el ejercicio de sus derechos de acceso, rectificaci\u00f3n, cancelaci\u00f3n y oposici\u00f3n respecto de sus datos. A los efectos de ejercer estos derechos, todo usuario podr\u00e1 remitir una solicitud expresa de ejercicio, acreditando debidamente su identidad a\u00a0<a href=\"mailto:consulta@psicoterapialisboa.com\">Consulta@PsicoterapiaLisboa.com<\/a>.<\/p>    <\/div>\n<\/div>\n<!-- \/module text -->\t\t<\/div>\n\t\t\t\t\t\t<\/div>\n\t\t<\/div>\n\t\t<\/div>\n<!--\/themify_builder_content-->","protected":false},"excerpt":{"rendered":"<p>La Dra. Susana Pe\u00f1uelas, con domicilio social en Lisboa (en adelante LA TITULAR), como titular de la p\u00e1gina www.PsicoterapiaLisboa.com (en adelante, el SITIO WEB) y en su condici\u00f3n de responsable, garantiza la privacidad y confidencialidad de todos los datos de car\u00e1cter personal que puedan ser aportados libre y voluntariamente por los usuarios del SITIO WEB [&hellip;]<\/p>\n","protected":false},"author":1,"featured_media":0,"parent":0,"menu_order":0,"comment_status":"closed","ping_status":"closed","template":"","meta":{"footnotes":""},"_links":{"self":[{"href":"https:\/\/psicoterapialisboa.com\/psicoterapialisboa\/wp-json\/wp\/v2\/pages\/264"}],"collection":[{"href":"https:\/\/psicoterapialisboa.com\/psicoterapialisboa\/wp-json\/wp\/v2\/pages"}],"about":[{"href":"https:\/\/psicoterapialisboa.com\/psicoterapialisboa\/wp-json\/wp\/v2\/types\/page"}],"author":[{"embeddable":true,"href":"https:\/\/psicoterapialisboa.com\/psicoterapialisboa\/wp-json\/wp\/v2\/users\/1"}],"replies":[{"embeddable":true,"href":"https:\/\/psicoterapialisboa.com\/psicoterapialisboa\/wp-json\/wp\/v2\/comments?post=264"}],"version-history":[{"count":0,"href":"https:\/\/psicoterapialisboa.com\/psicoterapialisboa\/wp-json\/wp\/v2\/pages\/264\/revisions"}],"wp:attachment":[{"href":"https:\/\/psicoterapialisboa.com\/psicoterapialisboa\/wp-json\/wp\/v2\/media?parent=264"}],"curies":[{"name":"wp","href":"https:\/\/api.w.org\/{rel}","templated":true}]}}