{"id":1074,"date":"2020-05-13T14:43:56","date_gmt":"2020-05-13T14:43:56","guid":{"rendered":"http:\/\/psicoterapialisboa.com\/psicoterapialisboa\/?page_id=1074"},"modified":"2020-05-13T14:43:56","modified_gmt":"2020-05-13T14:43:56","slug":"politica-de-privacidade","status":"publish","type":"page","link":"https:\/\/psicoterapialisboa.com\/psicoterapialisboa\/pt\/politica-de-privacidade\/","title":{"rendered":"Pol\u00edtica de privacidade"},"content":{"rendered":"<p>A TITULAR do SITE garante aos Utilizadores deste SITE o respeito pela sua privacidade.<\/p>\n<p>A visita ao presente SITE, por si s\u00f3, n\u00e3o implica o registo, de forma autom\u00e1tica, de qualquer dado pessoal que identifique o Utilizador. No entanto, a utiliza\u00e7\u00e3o de determinados conte\u00fados ou servi\u00e7os poder\u00e1 implicar a disponibiliza\u00e7\u00e3o pelos Utilizadores de dados pessoais.<\/p>\n<p>A presente Pol\u00edtica de Privacidade faz parte integrante dos Termos de Utiliza\u00e7\u00e3o do SITE e regula a recolha e tratamento dos dados pessoais fornecidos pelos Utilizadores, assim como o exerc\u00edcio dos seus direitos relativamente a estes dados, nos termos da Lei de Prote\u00e7\u00e3o de Dados Pessoais em vigor.<\/p>\n<h3><u>RECOLHA E TRATAMENTO DE DADOS<\/u><\/h3>\n<p>A TITULAR \u00e9 respons\u00e1vel pela recolha e tratamento dos dados pessoais dos Utilizadores.<\/p>\n<p>Os dados pessoais recolhidos ser\u00e3o processados e armazenados informaticamente pela TITULAR ou pelas entidades por este subcontratadas e destinam-se a dar resposta aos seus pedidos de marca\u00e7\u00e3o de consultas, bem como aos seus coment\u00e1rios, pedidos de esclarecimento e sugest\u00f5es.<\/p>\n<p>Os dados pessoais recolhidos ser\u00e3o conservados de forma a permitir a sua identifica\u00e7\u00e3o apenas durante o per\u00edodo necess\u00e1rio para a prossecu\u00e7\u00e3o das finalidades de recolha ou do tratamento posterior, findo o qual os mesmos ser\u00e3o eliminados.<\/p>\n<p>A TITULAR assume que os dados recolhidos foram fornecidos pelo respetivo titular e que a sua inser\u00e7\u00e3o foi autorizada pelo mesmo, sendo os mesmos verdadeiros e exatos.<\/p>\n<h3><u>DIREITO DE ACESSO<\/u><\/h3>\n<p>Nos termos previstos na lei, \u00e9 garantido ao Utilizador o direito de acesso, atualiza\u00e7\u00e3o e retifica\u00e7\u00e3o dos seus dados pessoais, bem como o direito de oposi\u00e7\u00e3o ao tratamento dos mesmos, mediante pedido escrito dirigido a consulta@psicoterapialisboa.com.<\/p>\n<h3><u>COMUNICA\u00c7\u00c3O DE DADOS<\/u><\/h3>\n<p>A TITULARpodera comunicar os seus dados pessoais a terceiros desde que para o efeito tenha obtido de forma inequ\u00edvoca o consentimento dos Utilizadores ou ainda quando:<\/p>\n<ul>\n<li style=\"list-style-type: none;\">\n<ul>\n<li>a transmiss\u00e3o seja efetuada no \u00e2mbito do cumprimento de uma obriga\u00e7\u00e3o legal, de uma delibera\u00e7\u00e3o da Comiss\u00e3o Nacional de Prote\u00e7\u00e3o de Dados ou de uma ordem judicial;<\/li>\n<\/ul>\n<\/li>\n<\/ul>\n<p>&nbsp;<\/p>\n<ul>\n<li style=\"list-style-type: none;\">\n<ul>\n<li>a comunica\u00e7\u00e3o seja levada a cabo para proteger interesses vitais dos Utilizadores ou qualquer outra finalidade leg\u00edtima prevista na lei.<\/li>\n<\/ul>\n<\/li>\n<\/ul>\n<p>&nbsp;<\/p>\n<h3><u>MEDIDAS DE SEGURAN\u00c7A<\/u><\/h3>\n<p>A TITULAR faz o seu melhor esfor\u00e7o para proteger os dados pessoais dos Utilizadores contra acessos n\u00e3o autorizados atrav\u00e9s da Internet. Para o efeito utiliza sistemas de seguran\u00e7a, regras e outros procedimentos, de modo a garantir a prote\u00e7\u00e3o dos dados pessoais, bem como para prevenir o acesso n\u00e3o autorizado aos dados, o uso impr\u00f3prio, a sua divulga\u00e7\u00e3o, perda ou destrui\u00e7\u00e3o.<\/p>\n<p>\u00c9, no entanto, da sua responsabilidade garantir e assegurar que o computador que est\u00e1 a utilizar encontra-se adequadamente protegido contra softwares nocivos, v\u00edrus inform\u00e1ticos e worms. Adicionalmente, dever\u00e1 estar ciente que, sem a ado\u00e7\u00e3o de medidas de seguran\u00e7a adequadas (por exemplo, a configura\u00e7\u00e3o segura do programa de navega\u00e7\u00e3o, software antiv\u00edrus atualizado, software de barreira de seguran\u00e7a e a n\u00e3o utiliza\u00e7\u00e3o de software de origem duvidosa), o risco de os dados pessoais e passwords serem acedidos por terceiros, sem autoriza\u00e7\u00e3o para tal, \u00e9 agravado.<\/p>\n<p>No entanto, note-se que sempre que a recolha de dados seja realizada em redes abertas, como a Internet, os seus dados poder\u00e3o circular sem condi\u00e7\u00f5es de seguran\u00e7a, existindo o risco de serem vistos e utilizados por terceiros n\u00e3o autorizados.<\/p>\n<h3><u>ALTERA\u00c7\u00d5ES \u00c0 POL\u00cdTICA DE PRIVACIDADE<\/u><\/h3>\n<p>A TITULAR reserva-se o direito de, sem aviso pr\u00e9vio, alterar a presente Pol\u00edtica de Privacidade.<\/p>\n<p>Quaisquer altera\u00e7\u00f5es ser\u00e3o imediatamente divulgadas nesta mesma p\u00e1gina online.<\/p>\n<!--themify_builder_content-->\n<div id=\"themify_builder_content-1074\" data-postid=\"1074\" class=\"themify_builder_content themify_builder_content-1074 themify_builder tf_clear\">\n    \t\t\t\t<div  data-lazy=\"1\" class=\"module_row themify_builder_row tb_9ow6384 tb_first tf_w\">\n\t\t\t\t\t\t<div class=\"row_inner col_align_top tb_col_count_1 tf_box tf_rel\">\n\t\t\t\t\t\t<div  data-lazy=\"1\" class=\"module_column tb-column col-full tb_yq8d386 first\">\n\t\t\t\t\t<!-- module text -->\n<div  class=\"module module-text tb_wfw5859   \" data-lazy=\"1\">\n\t    <div  class=\"tb_text_wrap\">\n\t\t<p>La Dra. Susana Pe\u00f1uelas, con domicilio social en Lisboa (en adelante LA TITULAR), como titular de la p\u00e1gina www.PsicoterapiaLisboa.com (en adelante, el SITIO WEB) y en su condici\u00f3n de responsable, garantiza la privacidad y confidencialidad de todos los datos de car\u00e1cter personal que puedan ser aportados libre y voluntariamente por los usuarios del SITIO WEB y a estos efectos redacta la presente POL\u00cdTICA DE PRIVACIDAD, manifestando su firme voluntad y compromiso de actuar conforme a la legislaci\u00f3n vigente. LA TITULAR se reserva el derecho de modificar y\/o adaptar la presente POL\u00cdTICA DE PRIVACIDAD en cualquier momento.<\/p><p>A los efectos de la presente POL\u00cdTICA DE PRIVACIDAD, LA TITULAR declara cumplir con las exigencias previstas por la normativa aplicable, relativas al tratamiento automatizado de los datos libre y voluntariamente aportados por los usuarios del SITIO WEB, que pasan a formar parte de los ficheros propiedad de LA TITULAR, debidamente inscritos en la Comiss\u00e3o Nacional de Protec\u00e7ao de Dados (Portugal).<\/p><p>Asimismo, LA TITULAR garantiza que dispone de las medidas t\u00e9cnicas y de seguridad necesarias y suficientes a los efectos de asegurar la correspondiente confidencialidad, integridad y seguridad de los datos recibidos y almacenados, para evitar su p\u00e9rdida y acceso por parte de terceros no autorizados.<\/p><p>La aportaci\u00f3n de datos personales por parte de los usuarios ser\u00e1 siempre Voluntaria, teniendo en cuenta que dicha la aportaci\u00f3n de datos podr\u00e1 requerir una cumplimentaci\u00f3n de los datos que se solicitan, de forma completa, a los efectos de que LA TITULAR pueda contestar debida y adecuadamente a las consultas que se realicen a trav\u00e9s de su formulario. Por tanto, se entiende que la solicitud de datos de car\u00e1cter personal por parte de LA TITULAR tendr\u00e1 por finalidad la adecuada contestaci\u00f3n a preguntas de los usuarios.<\/p><p>LA TITULAR garantiza en la presente POL\u00cdTICA DE PRIVACIDAD que los datos de car\u00e1cter personal, recogidos y debidamente almacenados en sus ficheros, no ser\u00e1n cedidos a terceros en ning\u00fan caso sin consentimiento previo, expreso e inequ\u00edvoco, de los titulares de los mismos.<\/p><p>Asimismo, los usuarios del SITIO WEB se comprometen, de acuerdo a los T\u00c9RMINOS Y CONDICIONES DE USO y la presente POL\u00cdTICA DE PRIVACIDAD, a asegurar la correspondiente veracidad de los datos aportados, en la medida en que tal veracidad es necesaria para una apropiada contestaci\u00f3n por parte de LA TITULAR.<\/p><p>LA TITULAR garantiza en todo caso al usuario, conforme a la legislaci\u00f3n vigente, el ejercicio de sus derechos de acceso, rectificaci\u00f3n, cancelaci\u00f3n y oposici\u00f3n respecto de sus datos. A los efectos de ejercer estos derechos, todo usuario podr\u00e1 remitir una solicitud expresa de ejercicio, acreditando debidamente su identidad a\u00a0<a href=\"mailto:consulta@psicoterapialisboa.com\">Consulta@PsicoterapiaLisboa.com<\/a>.<\/p>    <\/div>\n<\/div>\n<!-- \/module text -->\t\t<\/div>\n\t\t\t\t\t\t<\/div>\n\t\t<\/div>\n\t\t<\/div>\n<!--\/themify_builder_content-->\n","protected":false},"excerpt":{"rendered":"<p>A TITULAR do SITE garante aos Utilizadores deste SITE o respeito pela sua privacidade. A visita ao presente SITE, por si s\u00f3, n\u00e3o implica o registo, de forma autom\u00e1tica, de qualquer dado pessoal que identifique o Utilizador. No entanto, a utiliza\u00e7\u00e3o de determinados conte\u00fados ou servi\u00e7os poder\u00e1 implicar a disponibiliza\u00e7\u00e3o pelos Utilizadores de dados pessoais. [&hellip;]<\/p>\n","protected":false},"author":1,"featured_media":0,"parent":0,"menu_order":0,"comment_status":"closed","ping_status":"closed","template":"","meta":{"footnotes":""},"_links":{"self":[{"href":"https:\/\/psicoterapialisboa.com\/psicoterapialisboa\/wp-json\/wp\/v2\/pages\/1074"}],"collection":[{"href":"https:\/\/psicoterapialisboa.com\/psicoterapialisboa\/wp-json\/wp\/v2\/pages"}],"about":[{"href":"https:\/\/psicoterapialisboa.com\/psicoterapialisboa\/wp-json\/wp\/v2\/types\/page"}],"author":[{"embeddable":true,"href":"https:\/\/psicoterapialisboa.com\/psicoterapialisboa\/wp-json\/wp\/v2\/users\/1"}],"replies":[{"embeddable":true,"href":"https:\/\/psicoterapialisboa.com\/psicoterapialisboa\/wp-json\/wp\/v2\/comments?post=1074"}],"version-history":[{"count":0,"href":"https:\/\/psicoterapialisboa.com\/psicoterapialisboa\/wp-json\/wp\/v2\/pages\/1074\/revisions"}],"wp:attachment":[{"href":"https:\/\/psicoterapialisboa.com\/psicoterapialisboa\/wp-json\/wp\/v2\/media?parent=1074"}],"curies":[{"name":"wp","href":"https:\/\/api.w.org\/{rel}","templated":true}]}}