{"id":1070,"date":"2020-05-13T14:41:29","date_gmt":"2020-05-13T14:41:29","guid":{"rendered":"http:\/\/psicoterapialisboa.com\/psicoterapialisboa\/?page_id=1070"},"modified":"2020-06-01T17:44:02","modified_gmt":"2020-06-01T17:44:02","slug":"terms-and-conditions","status":"publish","type":"page","link":"https:\/\/psicoterapialisboa.com\/psicoterapialisboa\/en\/terms-and-conditions\/","title":{"rendered":"Terms and conditions"},"content":{"rendered":"<p>This website <a href=\"http:\/\/www.PsicoterapiaLisboa.com\">www.PsicoterapiaLisboa.com <\/a>(hereinafter the\u201cSite\u201d) is owned by Dr. Susana Pe\u00f1uelas (hereinafter the \u201cOwner\u201d), and its use is governed by these Terms of Use.<\/p>\n<p>&nbsp;<\/p>\n<p><strong>Acceptance of Terms of Use<\/strong><\/p>\n<p>The Site user (hereinafter the \u201cUser\u201d) acknowledges that by using this Site they are accepting these Terms of Use.<\/p>\n<p>&nbsp;<\/p>\n<p><strong>Changing the Terms of Use<\/strong><\/p>\n<p>TheOwner reserves the right, without prior notice and with immediate effect, to change, add, update or eliminate, partially or totally, these Terms of Use.<\/p>\n<p>&nbsp;<\/p>\n<p>The User should consult these Terms of Use to confirm whether any updates or changes have been made each time they access the Site.<\/p>\n<p>&nbsp;<\/p>\n<p><strong>Intellectual Property Rights<\/strong><\/p>\n<p>The User acknowledges that the contents of this Site are protected by intellectual property rights and undertakes to respect those rights.<\/p>\n<p>&nbsp;<\/p>\n<p><strong>Personal data<\/strong><\/p>\n<p>The use of this Site does not imply the provision of personal data. There are, however, forms that must be filled in with minimum data, if you wish to communicate by such means. The data thus provided will be treated under the terms defined in the Privacy Policy,contained in these Terms of Use.<\/p>\n<p>&nbsp;<\/p>\n<p><strong>Contact Information<\/strong><\/p>\n<p>The information provided on this Site has been subject to careful analysis by the Owner. However, such information is of an indicative nature only and does not dispense, when applicable, consultation with medical advice.<\/p>\n<p>&nbsp;<\/p>\n<p><strong>Responsibility<\/strong><\/p>\n<p>The Owner will not be responsible for errors that may occur due to system irregularities, failures (temporary or permanent) of the Site, applications or other tools.<\/p>\n<p>&nbsp;<\/p>\n<p><strong>Links<\/strong><\/p>\n<p>The Site may provide links to pages of other entities that do not belong to the Owner, therefore the Ownershall not responsible for the content of these pages. The use of these links is the sole responsibility of the User.<\/p>\n<p>&nbsp;<\/p>\n<p><strong>Validity of Terms and Conditions of Use<\/strong><\/p>\n<p>If any part or provision of these Terms of Use is not enforceable or is in conflict with applicable laws, the validity of the remaining parts or provisions will not be affected.<\/p>\n<p>&nbsp;<\/p>\n<p><strong>Questions<\/strong><\/p>\n<p>If you have any questions about these Terms of Use, please send your enquiries to <a href=\"mailto:Consulta@PsicoterapiaLisboa.com\">Consulta@PsicoterapiaLisboa.com<\/a><\/p>\n<p>&nbsp;<\/p>\n<p><strong>Governing Law<\/strong><\/p>\n<p>Portuguese law applies to the management, administration, use and application of these Terms of Use.<\/p>\n<p>&nbsp;<\/p>\n<p><strong>Jurisdiction<\/strong><\/p>\n<p>To settle all issues and disputes that may arise, inherent to these Terms of Use, the jurisdiction of the Courts of the District of Lisbon is exclusively competent, with the expressed waiver of any other.<\/p>\n<!--themify_builder_content-->\n<div id=\"themify_builder_content-1070\" data-postid=\"1070\" class=\"themify_builder_content themify_builder_content-1070 themify_builder tf_clear\">\n    \t\t\t\t<div  data-lazy=\"1\" class=\"module_row themify_builder_row tb_sj3d624 tb_first tf_w\">\n\t\t\t\t\t\t<div class=\"row_inner col_align_top tb_col_count_1 tf_box tf_rel\">\n\t\t\t\t\t\t<div  data-lazy=\"1\" class=\"module_column tb-column col-full tb_fpbm625 first\">\n\t\t\t\t\t<!-- module text -->\n<div  class=\"module module-text tb_tvei23   \" data-lazy=\"1\">\n\t    <div  class=\"tb_text_wrap\">\n\t\t<h3><u>INTRODUCCI\u00d3N<\/u><\/h3><p>Bienvenido a la p\u00e1gina Web de PsicoterapiaLisboa. La p\u00e1gina web\u00a0www.PsicoterapiaLisboa.com\u00a0(en adelante SITIO WEB) es propiedad de la Dra.Susana Pe\u00f1uelas (en adelante LA TITULAR), con domicilio en Lisboa.<\/p><p>El acceso y la utilizaci\u00f3n del SITIO WEB suponen su condici\u00f3n de Usuario de la p\u00e1gina e implican la aceptaci\u00f3n de estos T\u00c9RMINOS Y CONDICIONES.<\/p><p>Consideramos Usuario a la persona que acceda, navegue y\/o utilice los servicios y actividades, del SITIO WEB. El Usuario debe leer los presentes T\u00e9rminos y Condiciones cada vez que acceda al SITIO WEB, porque puede haber habido modificaciones. Si el Usuario no est\u00e1 de acuerdo con alguna de las condiciones de este aviso, deber\u00e1 dejar de utilizar el SITIO WEB. LA TITULAR se reserva la facultad de modificar sin previoaviso el SITIO WEB o los presentes T\u00c9RMINOS Y CONDICIONES en cualquier momento.<\/p><h3><u>DERECHOS DE PROPIEDAD INTELECTUAL E INDUSTRIAL<\/u><\/h3><p>Corresponde a LA TITULAR la Propiedad Intelectual de todos los elementos que forman el SITIO WEB.<\/p><h3><u>UTILIZACI\u00d3N DEL SITIO WEB<\/u><\/h3><p>El acceso, navegaci\u00f3n y uso del SITIO WEB es responsabilidad del Usuario.<\/p><h3><u>PARTICIPACI\u00d3N ACTIVA DEL USUARIO Y TRATAMIENTO DE DATOS PERSONALES<\/u><\/h3><p>Cuando sea necesario que el Usuario se registre y\/o aporte datos personales para poder acceder a alguno de los servicios, la recogida y el tratamiento de los datos de car\u00e1cter personal de los Usuarios se regir\u00e1n por lo dispuesto en la\u00a0<a href=\"https:\/\/psicoterapialisboa.com\/psicolisboa\/politica-privacidad.html\">POL\u00cdTICA DE PRIVACIDAD<\/a>\u00a0recogida en el SITIO WEB, que deber\u00e1 ser aceptada expresamente con car\u00e1cter previo a la aportaci\u00f3n de dichos datos. Para m\u00e1s informaci\u00f3n ver\u00a0<a href=\"https:\/\/psicoterapialisboa.com\/psicolisboa\/politica-privacidad.html\">POL\u00cdTICA DE PRIVACIDAD<\/a>.<\/p><p>Algunos servicios del SITIO WEB pueden permitir la participaci\u00f3n activa del Usuario mediante la cumplimentaci\u00f3n de formularios, el env\u00edo de comentarios o cualquier otra forma de interacci\u00f3n entre LA TITULAR y los Usuarios a trav\u00e9s del SITIO WEB. En estos casos el Usuario, al cumplimentar los campos y enviar la correspondiente notificaci\u00f3n, se compromete a:<\/p><ul><li style=\"list-style-type: none;\"><ul><li>Aceptar los presentes T\u00c9RMINOS Y CONDICIONES y la correspondiente\u00a0<a href=\"https:\/\/psicoterapialisboa.com\/psicolisboa\/politica-privacidad.html\">POL\u00cdTICA DE PRIVACIDAD<\/a>, respetando la legislaci\u00f3n aplicable.<\/li><\/ul><\/li><\/ul><p>\u00a0<\/p><ul><li style=\"list-style-type: none;\"><ul><li>Ajustarse a la finalidad del formulario o servicio de interacci\u00f3n en cuesti\u00f3n<\/li><\/ul><\/li><\/ul><p>\u00a0<\/p><ul><li style=\"list-style-type: none;\"><ul><li>Abstenerse de enviar contenidos que fomenten el odio, el desprecio o la discriminaci\u00f3n.<\/li><\/ul><\/li><\/ul><p>\u00a0<\/p><ul><li style=\"list-style-type: none;\"><ul><li>Expresarse en su propio nombre y no suplantar la identidad de terceras personas.<\/li><\/ul><\/li><\/ul><p>\u00a0<\/p><ul><li style=\"list-style-type: none;\"><ul><li>Aceptar que LA TITULAR no se responsabiliza por los comentarios u opiniones que el Usuario realice en el SITIO WEB.<\/li><\/ul><\/li><\/ul><p>\u00a0<\/p><ul><li>Reconocer que LA TITULAR no tiene obligaci\u00f3n de contestar a las solicitudes, preguntas o consultas que se realicen en los mencionados formularios<\/li><\/ul><h3><u>EXENCI\u00d3N DE RESPONSABILIDAD<\/u><\/h3><p>LA TITULAR declara que ha adoptado todas las medidas necesarias, dentro de sus posibilidades, para garantizar el funcionamiento correcto del Sitio Web, y se compromete, en lo posible, a la subsanaci\u00f3n de los posibles errores que puedan ocurrir. Sin embargo, LA TITULAR no puede garantizar la inexistencia de virus o componentes da\u00f1inos, bien como la licitud, fiabilidad, utilidad, veracidad, o exactitud de la informaci\u00f3n contenida en el Sitio Web.<\/p><p>En el SITIO WEB, en ocasiones hay enlaces a otras p\u00e1ginas web, los cuales son gestionados por terceros. LA TITULAR no se hace responsable del contenido ni de ning\u00fan otro aspecto de esos sitios webs.<\/p><h3><u>FUERO Y JURISDICCI\u00d3N<\/u><\/h3><p>Las relaciones establecidas entre LA TITULAR y el Usuario conforme a las presentes condiciones se regir\u00e1n por lo dispuesto en la normativa europea que resulte de aplicaci\u00f3n.<\/p>    <\/div>\n<\/div>\n<!-- \/module text -->\t\t<\/div>\n\t\t\t\t\t\t<\/div>\n\t\t<\/div>\n\t\t<\/div>\n<!--\/themify_builder_content-->\n","protected":false},"excerpt":{"rendered":"<p>This website www.PsicoterapiaLisboa.com (hereinafter the\u201cSite\u201d) is owned by Dr. Susana Pe\u00f1uelas (hereinafter the \u201cOwner\u201d), and its use is governed by these Terms of Use. &nbsp; Acceptance of Terms of Use The Site user (hereinafter the \u201cUser\u201d) acknowledges that by using this Site they are accepting these Terms of Use. &nbsp; Changing the Terms of Use [&hellip;]<\/p>\n","protected":false},"author":1,"featured_media":0,"parent":0,"menu_order":0,"comment_status":"closed","ping_status":"closed","template":"","meta":{"footnotes":""},"_links":{"self":[{"href":"https:\/\/psicoterapialisboa.com\/psicoterapialisboa\/wp-json\/wp\/v2\/pages\/1070"}],"collection":[{"href":"https:\/\/psicoterapialisboa.com\/psicoterapialisboa\/wp-json\/wp\/v2\/pages"}],"about":[{"href":"https:\/\/psicoterapialisboa.com\/psicoterapialisboa\/wp-json\/wp\/v2\/types\/page"}],"author":[{"embeddable":true,"href":"https:\/\/psicoterapialisboa.com\/psicoterapialisboa\/wp-json\/wp\/v2\/users\/1"}],"replies":[{"embeddable":true,"href":"https:\/\/psicoterapialisboa.com\/psicoterapialisboa\/wp-json\/wp\/v2\/comments?post=1070"}],"version-history":[{"count":0,"href":"https:\/\/psicoterapialisboa.com\/psicoterapialisboa\/wp-json\/wp\/v2\/pages\/1070\/revisions"}],"wp:attachment":[{"href":"https:\/\/psicoterapialisboa.com\/psicoterapialisboa\/wp-json\/wp\/v2\/media?parent=1070"}],"curies":[{"name":"wp","href":"https:\/\/api.w.org\/{rel}","templated":true}]}}