{"id":1068,"date":"2020-05-13T14:40:25","date_gmt":"2020-05-13T14:40:25","guid":{"rendered":"http:\/\/psicoterapialisboa.com\/psicoterapialisboa\/?page_id=1068"},"modified":"2020-05-13T14:40:25","modified_gmt":"2020-05-13T14:40:25","slug":"termos-de-utilizacao","status":"publish","type":"page","link":"https:\/\/psicoterapialisboa.com\/psicoterapialisboa\/pt\/termos-de-utilizacao\/","title":{"rendered":"Termos de utiliza\u00e7\u00e3o"},"content":{"rendered":"<p>O presente site www.PsicoterapiaLisboa.com (adiante O SITE) pertence \u00e0 Dra. Susana Pe\u00f1uelas (adiante A TITULAR), regendo-se a sua utiliza\u00e7\u00e3o por estes Termos de Utiliza\u00e7\u00e3o.<\/p>\n<h3><u>ACEITA\u00c7\u00c3O DOS TERMOS DE UTILIZA\u00c7\u00c3O<\/u><\/h3>\n<p>O Utilizador do SITE reconhece que ao usar este SITE est\u00e1 a aceitar estes Termos de Utiliza\u00e7\u00e3o.<\/p>\n<h3><u>ALTERA\u00c7\u00c3O DOS TERMOS DE UTILIZA\u00c7\u00c3O<\/u><\/h3>\n<p>A TITULAR reserva-se o direito de, sem necessidade de aviso pr\u00e9vio e com efeitos imediatos, alterar, adicionar, atualizar ou eliminar, parcial ou totalmente os presentes Termos de Utiliza\u00e7\u00e3o.<\/p>\n<p>O Utilizador deve consultar a p\u00e1gina destes Termos de Utiliza\u00e7\u00e3o para confirmar se foram efetuadas quaisquer atualiza\u00e7\u00f5es ou altera\u00e7\u00f5es cada vez que aceder ao SITE.<\/p>\n<h3><u>DIREITOS DE PROPRIEDADE INTELECTUAL<\/u><\/h3>\n<p>O Utilizador reconhece que os conte\u00fados deste SITE est\u00e3o protegidos por direitos de propriedade intelectual e obriga-se a respeitar tais direitos.<\/p>\n<h3><u>DADOS PESSOAIS<\/u><\/h3>\n<p>A utiliza\u00e7\u00e3o deste SITE n\u00e3o implica o fornecimento de dados pessoais. Existem no entanto, formul\u00e1rios que devem ser preenchidos com uns dados m\u00ednimos, caso pretenda comunicarse por tal meio. Os dados assim fornecidos ser\u00e3o tratados nos termos definidos na Pol\u00edtica de Privacidade, dispon\u00edvel neste SITE.<\/p>\n<h3><u>INFORMA\u00c7\u00d5ES<\/u><\/h3>\n<p>As informa\u00e7\u00f5es prestadas neste SITE foram objeto de uma an\u00e1lise cuidadosa por parte da TITULAR. No entanto, tais informa\u00e7\u00f5es t\u00eam um car\u00e1ter meramente indicativo, n\u00e3o dispensando, quando aplic\u00e1vel, a consulta aos servi\u00e7os m\u00e9dicos.<\/p>\n<h3><u>RESPONSABILIDADE<\/u><\/h3>\n<p>A TITULAR n\u00e3o serA respons\u00e1vel por erros que possam ocorrer devido a irregularidades do sistema, falha (tempor\u00e1ria ou permanente) do SITE, das aplica\u00e7\u00f5es ou de outras ferramentas.<\/p>\n<h3><u>LINKS<\/u><\/h3>\n<p>O SITE poder\u00e1 disponibilizar links para p\u00e1ginas de outras entidades que n\u00e3o pertencem \u00e0 TITULAR, pelo que ela n\u00e3o se responsabiliza do conte\u00fado desses sites. A utiliza\u00e7\u00e3o destes links \u00e9 da inteira responsabilidade dos Utilizadores.<\/p>\n<h3><u>VALIDADE DOS TERMOS E CONDI\u00c7\u00d5ES DE UTILIZA\u00c7\u00c3O<\/u><\/h3>\n<p>Se alguma parte ou disposi\u00e7\u00e3o dos presentes Termos de Utiliza\u00e7\u00e3o n\u00e3o for execut\u00e1vel ou estiver em conflito com a lei aplic\u00e1vel, a validade das restantes partes ou disposi\u00e7\u00f5es n\u00e3o ser\u00e1 afetada.<\/p>\n<h3><u>QUEST\u00d5ES<\/u><\/h3>\n<p>Se tiver alguma quest\u00e3o sobre os presentes Termos de Utiliza\u00e7\u00e3o, por favor envie-nos o seu pedido de esclarecimento para Consulta@PsicoterapiaLisboa.com<\/p>\n<h3><u>LEI APLIC\u00c1VEL<\/u><\/h3>\n<p>\u00c0 gest\u00e3o, administra\u00e7\u00e3o, utiliza\u00e7\u00e3o e aplica\u00e7\u00e3o dos Termos de Utiliza\u00e7\u00e3o do SITE \u00e9 aplic\u00e1vel a lei Portuguesa.<\/p>\n<h3><u>FORO COMPETENTE<\/u><\/h3>\n<p>Para dirimir, todas as quest\u00f5es e lit\u00edgios que possam surgir, inerentes aos presentes Termos e Condi\u00e7\u00f5es, \u00e9 competente em exclusivo o foro da Comarca de Lisboa, com expressa ren\u00fancia de qualquer outro.<\/p>\n<!--themify_builder_content-->\n<div id=\"themify_builder_content-1068\" data-postid=\"1068\" class=\"themify_builder_content themify_builder_content-1068 themify_builder tf_clear\">\n    \t\t\t\t<div  data-lazy=\"1\" class=\"module_row themify_builder_row tb_sj3d624 tb_first tf_w\">\n\t\t\t\t\t\t<div class=\"row_inner col_align_top tb_col_count_1 tf_box tf_rel\">\n\t\t\t\t\t\t<div  data-lazy=\"1\" class=\"module_column tb-column col-full tb_fpbm625 first\">\n\t\t\t\t\t<!-- module text -->\n<div  class=\"module module-text tb_tvei23   \" data-lazy=\"1\">\n\t    <div  class=\"tb_text_wrap\">\n\t\t<h3><u>INTRODUCCI\u00d3N<\/u><\/h3><p>Bienvenido a la p\u00e1gina Web de PsicoterapiaLisboa. La p\u00e1gina web\u00a0www.PsicoterapiaLisboa.com\u00a0(en adelante SITIO WEB) es propiedad de la Dra.Susana Pe\u00f1uelas (en adelante LA TITULAR), con domicilio en Lisboa.<\/p><p>El acceso y la utilizaci\u00f3n del SITIO WEB suponen su condici\u00f3n de Usuario de la p\u00e1gina e implican la aceptaci\u00f3n de estos T\u00c9RMINOS Y CONDICIONES.<\/p><p>Consideramos Usuario a la persona que acceda, navegue y\/o utilice los servicios y actividades, del SITIO WEB. El Usuario debe leer los presentes T\u00e9rminos y Condiciones cada vez que acceda al SITIO WEB, porque puede haber habido modificaciones. Si el Usuario no est\u00e1 de acuerdo con alguna de las condiciones de este aviso, deber\u00e1 dejar de utilizar el SITIO WEB. LA TITULAR se reserva la facultad de modificar sin previoaviso el SITIO WEB o los presentes T\u00c9RMINOS Y CONDICIONES en cualquier momento.<\/p><h3><u>DERECHOS DE PROPIEDAD INTELECTUAL E INDUSTRIAL<\/u><\/h3><p>Corresponde a LA TITULAR la Propiedad Intelectual de todos los elementos que forman el SITIO WEB.<\/p><h3><u>UTILIZACI\u00d3N DEL SITIO WEB<\/u><\/h3><p>El acceso, navegaci\u00f3n y uso del SITIO WEB es responsabilidad del Usuario.<\/p><h3><u>PARTICIPACI\u00d3N ACTIVA DEL USUARIO Y TRATAMIENTO DE DATOS PERSONALES<\/u><\/h3><p>Cuando sea necesario que el Usuario se registre y\/o aporte datos personales para poder acceder a alguno de los servicios, la recogida y el tratamiento de los datos de car\u00e1cter personal de los Usuarios se regir\u00e1n por lo dispuesto en la\u00a0<a href=\"https:\/\/psicoterapialisboa.com\/psicolisboa\/politica-privacidad.html\">POL\u00cdTICA DE PRIVACIDAD<\/a>\u00a0recogida en el SITIO WEB, que deber\u00e1 ser aceptada expresamente con car\u00e1cter previo a la aportaci\u00f3n de dichos datos. Para m\u00e1s informaci\u00f3n ver\u00a0<a href=\"https:\/\/psicoterapialisboa.com\/psicolisboa\/politica-privacidad.html\">POL\u00cdTICA DE PRIVACIDAD<\/a>.<\/p><p>Algunos servicios del SITIO WEB pueden permitir la participaci\u00f3n activa del Usuario mediante la cumplimentaci\u00f3n de formularios, el env\u00edo de comentarios o cualquier otra forma de interacci\u00f3n entre LA TITULAR y los Usuarios a trav\u00e9s del SITIO WEB. En estos casos el Usuario, al cumplimentar los campos y enviar la correspondiente notificaci\u00f3n, se compromete a:<\/p><ul><li style=\"list-style-type: none;\"><ul><li>Aceptar los presentes T\u00c9RMINOS Y CONDICIONES y la correspondiente\u00a0<a href=\"https:\/\/psicoterapialisboa.com\/psicolisboa\/politica-privacidad.html\">POL\u00cdTICA DE PRIVACIDAD<\/a>, respetando la legislaci\u00f3n aplicable.<\/li><\/ul><\/li><\/ul><p>\u00a0<\/p><ul><li style=\"list-style-type: none;\"><ul><li>Ajustarse a la finalidad del formulario o servicio de interacci\u00f3n en cuesti\u00f3n<\/li><\/ul><\/li><\/ul><p>\u00a0<\/p><ul><li style=\"list-style-type: none;\"><ul><li>Abstenerse de enviar contenidos que fomenten el odio, el desprecio o la discriminaci\u00f3n.<\/li><\/ul><\/li><\/ul><p>\u00a0<\/p><ul><li style=\"list-style-type: none;\"><ul><li>Expresarse en su propio nombre y no suplantar la identidad de terceras personas.<\/li><\/ul><\/li><\/ul><p>\u00a0<\/p><ul><li style=\"list-style-type: none;\"><ul><li>Aceptar que LA TITULAR no se responsabiliza por los comentarios u opiniones que el Usuario realice en el SITIO WEB.<\/li><\/ul><\/li><\/ul><p>\u00a0<\/p><ul><li>Reconocer que LA TITULAR no tiene obligaci\u00f3n de contestar a las solicitudes, preguntas o consultas que se realicen en los mencionados formularios<\/li><\/ul><h3><u>EXENCI\u00d3N DE RESPONSABILIDAD<\/u><\/h3><p>LA TITULAR declara que ha adoptado todas las medidas necesarias, dentro de sus posibilidades, para garantizar el funcionamiento correcto del Sitio Web, y se compromete, en lo posible, a la subsanaci\u00f3n de los posibles errores que puedan ocurrir. Sin embargo, LA TITULAR no puede garantizar la inexistencia de virus o componentes da\u00f1inos, bien como la licitud, fiabilidad, utilidad, veracidad, o exactitud de la informaci\u00f3n contenida en el Sitio Web.<\/p><p>En el SITIO WEB, en ocasiones hay enlaces a otras p\u00e1ginas web, los cuales son gestionados por terceros. LA TITULAR no se hace responsable del contenido ni de ning\u00fan otro aspecto de esos sitios webs.<\/p><h3><u>FUERO Y JURISDICCI\u00d3N<\/u><\/h3><p>Las relaciones establecidas entre LA TITULAR y el Usuario conforme a las presentes condiciones se regir\u00e1n por lo dispuesto en la normativa europea que resulte de aplicaci\u00f3n.<\/p>    <\/div>\n<\/div>\n<!-- \/module text -->\t\t<\/div>\n\t\t\t\t\t\t<\/div>\n\t\t<\/div>\n\t\t<\/div>\n<!--\/themify_builder_content-->\n","protected":false},"excerpt":{"rendered":"<p>O presente site www.PsicoterapiaLisboa.com (adiante O SITE) pertence \u00e0 Dra. Susana Pe\u00f1uelas (adiante A TITULAR), regendo-se a sua utiliza\u00e7\u00e3o por estes Termos de Utiliza\u00e7\u00e3o. ACEITA\u00c7\u00c3O DOS TERMOS DE UTILIZA\u00c7\u00c3O O Utilizador do SITE reconhece que ao usar este SITE est\u00e1 a aceitar estes Termos de Utiliza\u00e7\u00e3o. ALTERA\u00c7\u00c3O DOS TERMOS DE UTILIZA\u00c7\u00c3O A TITULAR reserva-se o [&hellip;]<\/p>\n","protected":false},"author":1,"featured_media":0,"parent":0,"menu_order":0,"comment_status":"closed","ping_status":"closed","template":"","meta":{"footnotes":""},"_links":{"self":[{"href":"https:\/\/psicoterapialisboa.com\/psicoterapialisboa\/wp-json\/wp\/v2\/pages\/1068"}],"collection":[{"href":"https:\/\/psicoterapialisboa.com\/psicoterapialisboa\/wp-json\/wp\/v2\/pages"}],"about":[{"href":"https:\/\/psicoterapialisboa.com\/psicoterapialisboa\/wp-json\/wp\/v2\/types\/page"}],"author":[{"embeddable":true,"href":"https:\/\/psicoterapialisboa.com\/psicoterapialisboa\/wp-json\/wp\/v2\/users\/1"}],"replies":[{"embeddable":true,"href":"https:\/\/psicoterapialisboa.com\/psicoterapialisboa\/wp-json\/wp\/v2\/comments?post=1068"}],"version-history":[{"count":0,"href":"https:\/\/psicoterapialisboa.com\/psicoterapialisboa\/wp-json\/wp\/v2\/pages\/1068\/revisions"}],"wp:attachment":[{"href":"https:\/\/psicoterapialisboa.com\/psicoterapialisboa\/wp-json\/wp\/v2\/media?parent=1068"}],"curies":[{"name":"wp","href":"https:\/\/api.w.org\/{rel}","templated":true}]}}