{"id":1064,"date":"2020-05-13T14:36:51","date_gmt":"2020-05-13T14:36:51","guid":{"rendered":"http:\/\/psicoterapialisboa.com\/psicoterapialisboa\/?page_id=1064"},"modified":"2020-05-13T14:36:51","modified_gmt":"2020-05-13T14:36:51","slug":"politica-cookies-pt","status":"publish","type":"page","link":"https:\/\/psicoterapialisboa.com\/psicoterapialisboa\/pt\/politica-cookies-pt\/","title":{"rendered":"Pol\u00edtica de cookies"},"content":{"rendered":"<h3><u>O QUE S\u00c3O COOKIES<\/u><\/h3>\n<p>\u201cCookies\u201d s\u00e3o pequenas etiquetas de software que podem ser armazenadas no seu computador atrav\u00e9s do navegador de internet (browser), retendo apenas informa\u00e7\u00e3o relacionada com as suas prefer\u00eancias, n\u00e3o incluindo, como tal, os seus dados pessoais.<\/p>\n<h3><u>PORQUE O SITE UTILIZA COOKIES<\/u><\/h3>\n<p>No SITE s\u00e3o usados cookies para assegurar uma experi\u00eancia de utiliza\u00e7\u00e3o adequada. O cookie \u00e9 uma informa\u00e7\u00e3o que \u00e9 colocada automaticamente nos discos r\u00edgidos dos computadores dos utilizadores quando estes acedem a alguns sites. O SITE utiliza cookies apenas durante uma sess\u00e3o, nomeadamente para guardar a l\u00edngua, a unidade, e o tipo de dispositivo de acesso. O processo de recolha de elementos atrav\u00e9s dos cookies \u00e9 efetuado de acordo com os procedimentos e pr\u00e1ticas de seguran\u00e7a padronizados neste tipo de ferramentas. Al\u00e9m destes cookies espec\u00edficos, s\u00e3o usados cookies do Google Analytics que t\u00eam como objetivo registar dados estat\u00edsticos relativos ao fluxo de visitas e suas caracter\u00edsticas. Os cookies definidos pelo Google Analytics enviam dados somente para o servidor onde est\u00e1 instalado o dom\u00ednio, o que os torna propriedade desse dom\u00ednio. Estes dados n\u00e3o podem ser alterados ou recuperados por nenhum servi\u00e7o ou por outro dom\u00ednio. A informa\u00e7\u00e3o obtida atrav\u00e9s destes meios n\u00e3o permite estabelecer qualquer relacionamento ao n\u00edvel do endere\u00e7o de IP dos utilizadores com o prop\u00f3sito de verificar dados pessoais. Consulta de informa\u00e7\u00f5es adicionais sobre a recolha de dados pelo Google Analytics em www.google.com\/policies\/privacy\/partners\/.<\/p>\n<h3><u>TIPOS DE COOKIES<\/u><\/h3>\n<p>(Fonte: Google.)<\/p>\n<table>\n<tbody>\n<tr>\n<td width=\"468\">Cookies de Prefer\u00eancias<\/td>\n<td width=\"468\">Permitem que os sites memorizem informa\u00e7\u00f5es que alteram o comportamento e o aspeto, como o seu idioma preferido ou a regi\u00e3o onde se encontra. Estes cookies tamb\u00e9m o podem ajudar a alterar o tamanho do texto, o tipo de letra e outras partes personaliz\u00e1veis de p\u00e1ginas Web.<\/td>\n<\/tr>\n<tr>\n<td width=\"468\">Cookies de Seguran\u00e7a<\/td>\n<td width=\"468\">S\u00e3o utilizados para autenticar utilizadores e evitar a utiliza\u00e7\u00e3o fraudulenta de credenciais de in\u00edcio de sess\u00e3o e proteger dados de pessoas n\u00e3o autorizadas.<\/td>\n<\/tr>\n<tr>\n<td width=\"468\">Cookies de Processos<\/td>\n<td width=\"468\">Ajudam o site a funcionar e a disponibilizar servi\u00e7os que o visitante espera, como navegar em p\u00e1ginas Web ou aceder a \u00e1reas seguras do site. Sem estes cookies, o Website n\u00e3o consegue funcionar corretamente.<\/td>\n<\/tr>\n<tr>\n<td width=\"468\">Cookies de Publicidade<\/td>\n<td width=\"468\">T\u00eam como finalidade tornar a publicidade mais envolvente para os utilizadores e mais valiosa para publicadores e anunciantes. Algumas aplica\u00e7\u00f5es comuns de cookies visam selecionar publicidade com base no que \u00e9 relevante para o utilizador, para melhorar os relat\u00f3rios sobre desempenho de campanhas e evitar mostrar an\u00fancios que o utilizador j\u00e1 viu.<\/td>\n<\/tr>\n<tr>\n<td width=\"468\">Cookies de Estado da Sess\u00e3o<\/td>\n<td width=\"468\">Ajudam a melhorar os servi\u00e7os das empresas, de forma a melhorar a experi\u00eancia de navega\u00e7\u00e3o dos nossos utilizadores. Bloquear ou eliminar estes cookies n\u00e3o torna o site inutiliz\u00e1vel.<\/td>\n<\/tr>\n<tr>\n<td width=\"468\">Cookies de An\u00e1lise<\/td>\n<td width=\"468\">Ajudam os propriet\u00e1rios dos sites de aplica\u00e7\u00f5es a entender o envolvimento dos seus visitantes com as suas p\u00e1ginas web. Estes podem utilizar um conjunto de cookies para recolher informa\u00e7\u00f5es e reportar estat\u00edsticas de utiliza\u00e7\u00e3o dos sites sem identificar pessoalmente os visitantes individuais.<\/td>\n<\/tr>\n<\/tbody>\n<\/table>\n<p>&nbsp;<\/p>\n<h3><u>COMO GERIR OS COOKIES<\/u><\/h3>\n<p>Na maioria dos navegadores de Internet (Browsers) estes cookies podem ser facilmente removidos ou recusados. Poder\u00e1 alterar as suas permiss\u00f5es ao selecionar as defini\u00e7\u00f5es pretendidas no navegador. Entrar\u00e1 tamb\u00e9m mais detalhes sobre estes procedimentos na se\u00e7\u00e3o de ajuda do respectivo navegador.<\/p>\n<!--themify_builder_content-->\n<div id=\"themify_builder_content-1064\" data-postid=\"1064\" class=\"themify_builder_content themify_builder_content-1064 themify_builder tf_clear\">\n    \t\t\t\t<div  data-lazy=\"1\" class=\"module_row themify_builder_row tb_tcdy635 tb_first tf_w\">\n\t\t\t\t\t\t<div class=\"row_inner col_align_top tb_col_count_1 tf_box tf_rel\">\n\t\t\t\t\t\t<div  data-lazy=\"1\" class=\"module_column tb-column col-full tb_0kk7636 first\">\n\t\t\t\t\t<!-- module text -->\n<div  class=\"module module-text tb_iipk827   \" data-lazy=\"1\">\n\t    <div  class=\"tb_text_wrap\">\n\t\t<p>El sitio web www.PsicoterapiaLisboa.com, utiliza cookies de terceros para analizar comportamientos de navegaci\u00f3n y facilitar y mejorar la experiencia del usuario. En cumplimiento de la legislaci\u00f3n vigente, LA TITULAR informa sobre el uso de cookies en los p\u00e1rrafos que siguen y que recomendamos leer.<\/p><p>\u00a0<\/p><h3><u>\u00bfQU\u00c9 SON LAS COOKIES?<\/u><\/h3><p>Son ficheros de texto de peque\u00f1o tama\u00f1o, que permiten almacenar y recuperar informaci\u00f3n para lo cual se descargan en el terminal del usuario cuando \u00e9ste navega por la web. No contienen informaci\u00f3n de car\u00e1cter personal.<\/p><p>Las cookies pueden ser:<\/p><ul><li style=\"list-style-type: none;\"><ul><li><b>T\u00e9cnicas:<\/b>\u00a0para facilitar la navegaci\u00f3n a trav\u00e9s de la p\u00e1gina web, mediante funciones como identificar la sesi\u00f3n o recordar contrase\u00f1as.<\/li><\/ul><\/li><\/ul><p>\u00a0<\/p><ul><li style=\"list-style-type: none;\"><ul><li><b>De personalizaci\u00f3n:<\/b>\u00a0permiten al USUARIO mantener algunas caracter\u00edsticas al navegar en la web, como el idioma, el tipo de navegador, etc.<\/li><\/ul><\/li><\/ul><p>\u00a0<\/p><ul><li style=\"list-style-type: none;\"><ul><li><b>De an\u00e1lisis:<\/b>\u00a0permiten cuantificar el n\u00famero de usuarios y realizar la medici\u00f3n y an\u00e1lisis estad\u00edstico del uso de la p\u00e1gina, para mejorar la navegaci\u00f3n y los servicios ofrecidos.<\/li><\/ul><\/li><\/ul><p>\u00a0<\/p><ul><li style=\"list-style-type: none;\"><ul><li><b>Publicitarias:<\/b>\u00a0permiten gestionar la oferta de los espacios publicitarios contenidos en el SITIO WEB, mostr\u00e1ndole al usuario publicidad relacionada con el contenido de la p\u00e1gina y su perfil de navegaci\u00f3n.<\/li><\/ul><\/li><\/ul><p>\u00a0<\/p><ul><li><b>De publicidad comportamental:<\/b>\u00a0permiten gestionar la oferta de los espacios publicitarios contenidos en el SITIO WEB, mostr\u00e1ndole al usuario publicidad relacionada con sus h\u00e1bitos de navegaci\u00f3n.<\/li><\/ul><p>Tambi\u00e9n se clasifican como cookies de sesi\u00f3n (si desaparecen al finalizar la navegaci\u00f3n del usuario) o persistentes (si permanecen en el terminal durante m\u00e1s tiempo).<\/p><p>Las cookies pueden ser propias (gestionadas por el propio SITIO WEB) o de terceros (si son descargadas en el terminal del usuario desde un servidor ajeno). Cookies que empleamos en el SITIO WEB.<\/p><p>El SITIO WEB no emplea cookies propias. \u00danicamente empleamos ciertas cookies de terceros, concretamente de Google, con el fin de analizar el comportamiento del usuario y proporcionarle mejores servicios.<\/p><p>\u00a0<\/p><table><tbody><tr><td>Cookie<\/td><td>Finalidad<\/td><td>Temporalidad<\/td><td>Origen<\/td><\/tr><tr><td>_utma<\/td><td>Google Analytics Se usa para distinguir usuarios y sesiones. Permite conocer cu\u00e1ntas veces un usuario accede al SITIO WEB y la primera y la \u00faltima vez que lo hizo<\/td><td>Persistente Dos a\u00f1os a partir de la \u00faltima configuraci\u00f3n o actualizaci\u00f3n<\/td><td>Esta cookie, pese a ser ubicada desde el SITIO WEB, es considerada de terceros, porque es descargada desde los servidores de Google Inc. (1600 Amphitheatre Parkway, Mountain View, CA 94043, Estados Unidos)<\/td><\/tr><tr><td>_utmb<\/td><td>Google Analytics Se usa para determinar nuevas sesiones o visitas. Act\u00faa junto con _utmc y calcula el inicio de sesi\u00f3n<\/td><td>Persistente 30 minutos a partir de la configuraci\u00f3n o actualizaci\u00f3n<\/td><td>Esta cookie, pese a ser ubicada desde el SITIO WEB, es considerada de terceros, porque es descargada desde los servidores de Google Inc. (1600 Amphitheatre Parkway, Mountain View, CA 94043, Estados Unidos)<\/td><\/tr><tr><td>_utmc<\/td><td>Google Analytics Se usa para determinar nuevas sesiones o visitas. Act\u00faa junto con _utmb y determina si el usuario est\u00e1 en una nueva sesi\u00f3n o visita<\/td><td>De sesi\u00f3n Desaparece al finalizar la navegaci\u00f3n<\/td><td>Esta cookie, pese a ser ubicada desde el SITIO WEB, es considerada de terceros, porque es descargada desde los servidores de Google Inc. (1600 Amphitheatre Parkway, Mountain View, CA 94043, Estados Unidos)<\/td><\/tr><tr><td>_utmz<\/td><td>Google Analytics Almacena la fuente de tr\u00e1fico o la campa\u00f1a que explica c\u00f3mo y desde d\u00f3nde ha llegado el usuario al sitio<\/td><td>Persistente Seis meses a partir de la configuraci\u00f3n o actualizaci\u00f3n<\/td><td>Esta cookie, pese a ser ubicada desde el SITIO WEB, es considerada de terceros, porque es descargada desde los servidores de Google Inc. (1600 Amphitheatre Parkway, Mountain View, CA 94043, Estados Unidos)<\/td><\/tr><tr><td>PREF<\/td><td>Google Maps Implanta determinadas utilidades de Google y puede almacenar ciertas preferencias, como el idioma<\/td><td>Persistente Dos a\u00f1os a partir de la configuraci\u00f3n o actualizaci\u00f3n<\/td><td>google.com Google Inc. (1600 Amphitheatre Parkway, Mountain View, CA 94043, EstadosUnidos)<\/td><\/tr><tr><td>PREF<\/td><td>Google Maps Implanta determinadas utilidades de Google y puede almacenar ciertas preferencias, como el idioma<\/td><td>Persistente Dos a\u00f1os a partir de la configuraci\u00f3n o actualizaci\u00f3n<\/td><td>google.es Google Inc. (1600 Amphitheatre Parkway, Mountain View, CA 94043, EstadosUnidos)<\/td><\/tr><tr><td>NID<\/td><td>Google Maps Implanta determinadas utilidades de Google, como personalizar los anuncios que se muestran en la b\u00fasqueda de Google<\/td><td>Persistente Seis meses a partir de la configuraci\u00f3n o actualizaci\u00f3n<\/td><td>google.es Google Inc. (1600 Amphitheatre Parkway, Mountain View, CA 94043, EstadosUnidos)<\/td><\/tr><\/tbody><\/table><h3>\u00a0<\/h3><h3><u>CONSENTIMIENTO, GESTI\u00d3N Y DESACTIVACI\u00d3N<\/u><\/h3><p>El usuario acepta las cookies si contin\u00faa navegando por nuestro SITIO WEB, seg\u00fan se informa al iniciar la navegaci\u00f3n. Si no le aparece dicho aviso, quiere decir que ya ha activado las cookies previamente.<\/p><p>Si tras haber consentido, el usuario prefiere eliminarlas cookies, puedeseg\u00fan se indica para cada navegador:<\/p><p>Google Chrome:\u00a0<a href=\"https:\/\/support.google.com\/chrome\/answer\/95647?hl=es\">https:\/\/support.google.com\/chrome\/answer\/95647?hl=es<\/a><br \/>Internet Explorer:\u00a0<a href=\"http:\/\/windows.microsoft.com\/es-es\/internet-explorer\/delete-manage-cookies#ie=ie-11\">http:\/\/windows.microsoft.com\/es-es\/internet-explorer\/delete-manage-cookies#ie=ie-11<\/a><br \/>Mozilla Firefox:\u00a0<a href=\"https:\/\/support.mozilla.org\/es\/kb\/habilitar-y-deshabilitar-cookies-que-los-sitios-web\">https:\/\/support.mozilla.org\/es\/kb\/habilitar-y-deshabilitar-cookies-que-los-sitios-web<\/a><br \/>Safari:\u00a0<a href=\"http:\/\/support.apple.com\/kb\/ph5042\">http:\/\/support.apple.com\/kb\/ph5042<\/a><\/p>    <\/div>\n<\/div>\n<!-- \/module text -->\t\t<\/div>\n\t\t\t\t\t\t<\/div>\n\t\t<\/div>\n\t\t<\/div>\n<!--\/themify_builder_content-->\n","protected":false},"excerpt":{"rendered":"<p>O QUE S\u00c3O COOKIES \u201cCookies\u201d s\u00e3o pequenas etiquetas de software que podem ser armazenadas no seu computador atrav\u00e9s do navegador de internet (browser), retendo apenas informa\u00e7\u00e3o relacionada com as suas prefer\u00eancias, n\u00e3o incluindo, como tal, os seus dados pessoais. PORQUE O SITE UTILIZA COOKIES No SITE s\u00e3o usados cookies para assegurar uma experi\u00eancia de utiliza\u00e7\u00e3o [&hellip;]<\/p>\n","protected":false},"author":1,"featured_media":0,"parent":0,"menu_order":0,"comment_status":"closed","ping_status":"closed","template":"","meta":{"footnotes":""},"_links":{"self":[{"href":"https:\/\/psicoterapialisboa.com\/psicoterapialisboa\/wp-json\/wp\/v2\/pages\/1064"}],"collection":[{"href":"https:\/\/psicoterapialisboa.com\/psicoterapialisboa\/wp-json\/wp\/v2\/pages"}],"about":[{"href":"https:\/\/psicoterapialisboa.com\/psicoterapialisboa\/wp-json\/wp\/v2\/types\/page"}],"author":[{"embeddable":true,"href":"https:\/\/psicoterapialisboa.com\/psicoterapialisboa\/wp-json\/wp\/v2\/users\/1"}],"replies":[{"embeddable":true,"href":"https:\/\/psicoterapialisboa.com\/psicoterapialisboa\/wp-json\/wp\/v2\/comments?post=1064"}],"version-history":[{"count":0,"href":"https:\/\/psicoterapialisboa.com\/psicoterapialisboa\/wp-json\/wp\/v2\/pages\/1064\/revisions"}],"wp:attachment":[{"href":"https:\/\/psicoterapialisboa.com\/psicoterapialisboa\/wp-json\/wp\/v2\/media?parent=1064"}],"curies":[{"name":"wp","href":"https:\/\/api.w.org\/{rel}","templated":true}]}}